{"id":10,"date":"2022-12-07T13:57:12","date_gmt":"2022-12-07T13:57:12","guid":{"rendered":"http:\/\/garg.techiaith.cymru\/?page_id=10"},"modified":"2022-12-22T14:04:54","modified_gmt":"2022-12-22T14:04:54","slug":"hello-world","status":"publish","type":"page","link":"https:\/\/garg.ed.ac.uk\/gd\/","title":{"rendered":"Dachaidh"},"content":{"rendered":"<p>\u2019S e buidheann rannsachaidh eadar-n\u00e0iseanta a th\u2019 ann an GARG. Tha sinn gu s\u00f2nraichte airson a bhith a\u2019 leasachadh theicne\u00f2lasan an latha an-diugh airson na G\u00e0idhlig agus gan cleachdadh gus an c\u00e0nan agus an cultar co-cheangailte a neartachadh agus a thuigsinn nas fhe\u00e0rr.<\/p>\n\n\n\n<p>Ar leinn gu bheil teicne\u00f2las c\u00e0nain aig cridhe oidhirp ath-bheothachadh na G\u00e0idhlig, leis cho cudromach 's a tha e ann an conaltradh daonna an latha an-diugh. Saoilidh sinn cuideachd gu bheil e riatanach teicne\u00f2lasan a leasachadh do luchd-cleachdaidh na G\u00e0idhlig agus iad fh\u00e8in an s\u00e0s ann. Tro cho-obrachadh eadar oilthighean, buidhnean poblach agus a\u2019 choimhearsnachd Gh\u00e0idhlig fh\u00e8in, tha sinn ag amas air \u00e0ite daingeann a chruthachadh airson na G\u00e0idhlig ann an meadhanan conaltraidh digiteach. \u2019S e ar miann raointean \u00f9ra a chruthachadh airson cleachdadh na G\u00e0idhlig, ionnsachadh innealta a chleachdadh gus foghlam G\u00e0idhlig adhartachadh, agus seasmhachd a\u2019 ch\u00e0nain a leasachadh san \u00e0m ri teachd.<\/p>","protected":false},"excerpt":{"rendered":"<p>GARG is an international research group devoted to developing modern technologies for Gaelic and utilising them both to strengthen and better understand the language and its associated culture. We believe that language technology is central to the Gaelic language revitalisation effort, given its importance in modern human communication. We also believe that it is crucial&hellip;<\/p>\n<p><a class=\"more-link\" href=\"https:\/\/garg.ed.ac.uk\/gd\/\" title=\"Continue reading &lsquo;Home&rsquo;\">Continue reading <span class=\"meta-nav\">&rarr;<\/span><\/a><\/p>","protected":false},"author":1,"featured_media":0,"parent":0,"menu_order":0,"comment_status":"closed","ping_status":"closed","template":"page-templates\/front-page.php","meta":[],"_links":{"self":[{"href":"https:\/\/garg.ed.ac.uk\/gd\/wp-json\/wp\/v2\/pages\/10"}],"collection":[{"href":"https:\/\/garg.ed.ac.uk\/gd\/wp-json\/wp\/v2\/pages"}],"about":[{"href":"https:\/\/garg.ed.ac.uk\/gd\/wp-json\/wp\/v2\/types\/page"}],"author":[{"embeddable":true,"href":"https:\/\/garg.ed.ac.uk\/gd\/wp-json\/wp\/v2\/users\/1"}],"replies":[{"embeddable":true,"href":"https:\/\/garg.ed.ac.uk\/gd\/wp-json\/wp\/v2\/comments?post=10"}],"version-history":[{"count":5,"href":"https:\/\/garg.ed.ac.uk\/gd\/wp-json\/wp\/v2\/pages\/10\/revisions"}],"predecessor-version":[{"id":68,"href":"https:\/\/garg.ed.ac.uk\/gd\/wp-json\/wp\/v2\/pages\/10\/revisions\/68"}],"wp:attachment":[{"href":"https:\/\/garg.ed.ac.uk\/gd\/wp-json\/wp\/v2\/media?parent=10"}],"curies":[{"name":"wp","href":"https:\/\/api.w.org\/{rel}","templated":true}]}}